{"id":100583,"date":"2025-03-20T07:51:48","date_gmt":"2025-03-20T06:51:48","guid":{"rendered":"https:\/\/watt.it\/?post_type=product&#038;p=100583"},"modified":"2026-05-14T23:13:11","modified_gmt":"2026-05-14T21:13:11","slug":"creanized-creatina-monoidrato-micronizzata","status":"publish","type":"product","link":"https:\/\/watt.it\/en\/amminoacidi\/creatina-monoidrato\/creanized-creatina-monoidrato-micronizzata\/","title":{"rendered":"Creanized Creatina Monoidrato Micronizzata"},"content":{"rendered":"<p data-start=\"157\" data-end=\"224\"><strong data-start=\"157\" data-end=\"222\">Creatina monoidrato micronizzata per la performance muscolare<\/strong><\/p>\n<h2>CREANIZED: creatina monoidrato micronizzata per la performance<\/h2>\n<p data-path-to-node=\"9\"><b>CREANIZED<\/b> \u00e8 un integratore alimentare puro a base di <b>creatina monoidrato micronizzata<\/b> di qualit\u00e0 certificata (<b>Creavitalis\u00ae<\/b>).<\/p>\n<p data-path-to-node=\"10\">L&#8217;integrazione di creatina, al dosaggio di <b><span class=\"math-inline\" data-math=\"3 \\text{ g}\">3 g<\/span>\u00a0al giorno<\/b>, \u00e8 scientificamente provata per contribuire all&#8217;<b>aumento delle prestazioni fisiche<\/b> in caso di esercizi brevi, intensi e ripetuti, rendendola l&#8217;integratore fondamentale per chi pratica attivit\u00e0 ad alta intensit\u00e0 e breve durata.<\/p>\n<hr data-path-to-node=\"11\" \/>\n<h2>Funzioni chiave<\/h2>\n<p data-path-to-node=\"13\">La creatina agisce ottimizzando le riserve energetiche muscolari:<\/p>\n<ul data-path-to-node=\"14\">\n<li>\n<p data-path-to-node=\"14,0,0\"><b>Aumento delle prestazioni:<\/b> L&#8217;assunzione quotidiana di <span class=\"math-inline\" data-math=\"3 \\text{ g}\">3 g<\/span>\u00a0di creatina contribuisce all\u2019<b>aumento delle prestazioni fisiche in caso di attivit\u00e0 ad alta intensit\u00e0 e breve durata<\/b> (come sollevamento pesi, sprint e circuiti HIIT).<\/p>\n<\/li>\n<li>\n<p data-path-to-node=\"14,1,0\"><b>Supporto energetico (ATP):<\/b> La creatina sostiene la produzione di ATP, il principale carburante per la contrazione muscolare rapida.<\/p>\n<\/li>\n<li>\n<p data-path-to-node=\"14,2,0\"><b>Capacit\u00e0 di esercizio:<\/b> Incrementa la capacit\u00e0 di eseguire serie di esercizi ripetitivi e massimali.<\/p>\n<\/li>\n<\/ul>\n<hr data-path-to-node=\"15\" \/>\n<h2>La scienza dietro la formula e qualit\u00e0 Creavitalis\u00ae<\/h2>\n<p data-path-to-node=\"17\">Il prodotto si concentra su purezza, biodisponibilit\u00e0 e sicurezza:<\/p>\n<ul data-path-to-node=\"18\">\n<li>\n<p data-path-to-node=\"18,0,0\"><b>Creatina monoidrato pura:<\/b> L&#8217;unico ingrediente \u00e8 creatina monoidrato, la forma pi\u00f9 studiata e supportata dalla letteratura scientifica.<\/p>\n<\/li>\n<li>\n<p data-path-to-node=\"18,1,0\"><b>Micronizzazione:<\/b> Il formato \u00e8 micronizzato per migliorare la <b>solubilit\u00e0 e la miscelabilit\u00e0<\/b> in acqua, facilitando l&#8217;assunzione e l&#8217;assimilazione.<\/p>\n<\/li>\n<li>\n<p data-path-to-node=\"18,2,0\"><b>Qualit\u00e0 certificata:<\/b> Creatina <b>Creavitalis\u00ae<\/b> (prodotta da Alzchem Trostberg GmbH), sinonimo di alta qualit\u00e0 produttiva.<\/p>\n<\/li>\n<li>\n<p data-path-to-node=\"18,3,0\"><b>Caratteristiche:<\/b> <b>Vegan<\/b>, <b>Gluten Free<\/b>, <b>Senza Lattosio<\/b> e <b>Senza Caffeina<\/b>.<\/p>\n<\/li>\n<\/ul>\n<hr data-path-to-node=\"19\" \/>\n<h2>Modalit\u00e0 e indicazioni d\u2019uso<\/h2>\n<p data-path-to-node=\"21\"><b>Dose giornaliera consigliata:<\/b> <b><span class=\"math-inline\" data-math=\"3 \\text{ g}\">3 g<\/span><\/b>\u00a0di creatina (2 misurini).<\/p>\n<p data-path-to-node=\"22\"><b>Utilizzo:<\/b> Sciogliere in <span class=\"math-inline\" data-math=\"200 \\text{ ml}\">200 ml<\/span>\u00a0di acqua oligominerale. Si consiglia l&#8217;assunzione <b>lontano dai pasti<\/b> per una migliore assimilazione.<\/p>\n<hr data-path-to-node=\"23\" \/>\n<h2>Avvertenze<\/h2>\n<p>Non superare la dose giornaliera consigliata.<\/p>\n<p>Gli integratori non sostituiscono una dieta equilibrata e uno stile di vita sano.<\/p>\n<p>Tenere fuori dalla portata dei bambini al di sotto dei 3 anni.<\/p>\n<p>Avvertenze specifiche: Non utilizzare in gravidanza, nei bambini e in caso di patologie renali senza consultare un medico.<\/p>\n","protected":false},"excerpt":{"rendered":"<p>Creatina monoidrato micronizzata per la performance muscolare CREANIZED: creatina monoidrato micronizzata per la performance CREANIZED \u00e8 un integratore alimentare puro a base di creatina monoidrato micronizzata di qualit\u00e0 certificata (Creavitalis\u00ae). L&#8217;integrazione di creatina, al dosaggio di 3 g\u00a0al giorno, \u00e8 scientificamente provata per contribuire all&#8217;aumento delle prestazioni fisiche in caso di esercizi brevi, intensi e&hellip; <a href=\"https:\/\/watt.it\/en\/amminoacidi\/creatina-monoidrato\/creanized-creatina-monoidrato-micronizzata\/\">Continued<\/a><\/p>\n","protected":false},"featured_media":134964,"template":"","meta":{"inline_featured_image":false},"disciplines":[92,64,93,31,94,115,32,96,97],"product_recipients":[2062,166,165,2061],"product_usages":[2063,2065,2064],"product_lines":[1808],"product_needs":[2089,2085,2091,2095,2094],"product_brand":[],"product_cat":[162,62],"product_tag":[],"class_list":{"0":"post-100583","1":"product","2":"type-product","3":"status-publish","4":"has-post-thumbnail","6":"disciplines-arti-marziali","7":"disciplines-atletica","8":"disciplines-basket","9":"disciplines-body-building","10":"disciplines-calcio","11":"disciplines-crossfit","12":"disciplines-fitness","13":"disciplines-pugilato","14":"disciplines-rugby","15":"product_recipients-a-chi-cerca-di-migliorare-la-salute-generale-inclusa-la-funzione-cerebrale-e-la-performance-sportiva","16":"product_recipients-a-chi-svolge-attivita-fisica-intensa-di-forza-e-resistenza","17":"product_recipients-a-chi-vuole-accrescere-la-potenza-muscolare","18":"product_recipients-individui-con-diete-vegetariane-o-vegane-che-potrebbero-avere-livelli-muscolari-inferiori-di-creatina","19":"product_usages-a-favorire-la-riparazione-dei-tessuti-dopo-sforzi-intensi-migliorando-il-recupero","20":"product_usages-a-supportare-la-funzione-cognitiva-migliorando-memoria-e-tempi-di-reazione-soprattutto-in-individui-con-livelli-di-creatina-piu-bassi","21":"product_usages-ad-incrementare-le-prestazioni-fisiche-in-caso-di-attivita-brevi-intense-e-ripetute","22":"product_lines-advance-care","23":"product_needs-crescita-muscolare","24":"product_needs-forza-vitalita","25":"product_needs-incremento-forza-esplosiva","26":"product_needs-recupero-energetico-post-performance","27":"product_needs-recupero-muscolare-riduzione-doms","28":"product_cat-creatina-monoidrato","29":"product_cat-amminoacidi","31":"first","32":"instock","33":"shipping-taxable","34":"purchasable","35":"product-type-simple"},"df_price":55,"df_sale_price":"","df_regular_price":55,"df_image_link":"https:\/\/watt.it\/app\/uploads\/2025\/03\/creanized-creatina-monoidrato-micronizzata-7376-300x300.jpg","jetpack_sharing_enabled":true,"_links":{"self":[{"href":"https:\/\/watt.it\/en\/wp-json\/wp\/v2\/product\/100583","targetHints":{"allow":["GET"]}}],"collection":[{"href":"https:\/\/watt.it\/en\/wp-json\/wp\/v2\/product"}],"about":[{"href":"https:\/\/watt.it\/en\/wp-json\/wp\/v2\/types\/product"}],"wp:featuredmedia":[{"embeddable":true,"href":"https:\/\/watt.it\/en\/wp-json\/wp\/v2\/media\/134964"}],"wp:attachment":[{"href":"https:\/\/watt.it\/en\/wp-json\/wp\/v2\/media?parent=100583"}],"wp:term":[{"taxonomy":"disciplines","embeddable":true,"href":"https:\/\/watt.it\/en\/wp-json\/wp\/v2\/disciplines?post=100583"},{"taxonomy":"product_recipients","embeddable":true,"href":"https:\/\/watt.it\/en\/wp-json\/wp\/v2\/product_recipients?post=100583"},{"taxonomy":"product_usages","embeddable":true,"href":"https:\/\/watt.it\/en\/wp-json\/wp\/v2\/product_usages?post=100583"},{"taxonomy":"product_lines","embeddable":true,"href":"https:\/\/watt.it\/en\/wp-json\/wp\/v2\/product_lines?post=100583"},{"taxonomy":"product_needs","embeddable":true,"href":"https:\/\/watt.it\/en\/wp-json\/wp\/v2\/product_needs?post=100583"},{"taxonomy":"product_brand","embeddable":true,"href":"https:\/\/watt.it\/en\/wp-json\/wp\/v2\/product_brand?post=100583"},{"taxonomy":"product_cat","embeddable":true,"href":"https:\/\/watt.it\/en\/wp-json\/wp\/v2\/product_cat?post=100583"},{"taxonomy":"product_tag","embeddable":true,"href":"https:\/\/watt.it\/en\/wp-json\/wp\/v2\/product_tag?post=100583"}],"curies":[{"name":"wp","href":"https:\/\/api.w.org\/{rel}","templated":true}]}}